{"id":678,"date":"2026-04-17T10:07:53","date_gmt":"2026-04-17T10:07:53","guid":{"rendered":"https:\/\/pink-hummingbird-531643.hostingersite.com\/?page_id=678"},"modified":"2026-04-28T16:34:45","modified_gmt":"2026-04-28T16:34:45","slug":"impressum","status":"publish","type":"page","link":"https:\/\/pflegenavi.at\/en\/impressum\/","title":{"rendered":"Legal notice"},"content":{"rendered":"<div data-elementor-type=\"wp-page\" data-elementor-id=\"678\" class=\"elementor elementor-678\" data-elementor-post-type=\"page\">\n\t\t\t\t<div class=\"elementor-element elementor-element-dc98a9b e-flex e-con-boxed e-con e-parent\" data-id=\"dc98a9b\" data-element_type=\"container\" data-e-type=\"container\">\n\t\t\t\t\t<div class=\"e-con-inner\">\n\t\t<div class=\"elementor-element elementor-element-ff914be e-con-full e-flex e-con e-child\" data-id=\"ff914be\" data-element_type=\"container\" data-e-type=\"container\" data-settings=\"{&quot;background_background&quot;:&quot;classic&quot;}\">\n\t\t\t\t\t\t\t<h1 \n\t\tdata-interaction-id=\"465f045\" \n\t\tclass=\"heading-82-90-600 text-center e-heading-base\" \n\t\t \n\t\tdata-e-type=\"widget\" data-id=\"465f045\"\n\t>\n\t\n\t\t\tLegal notice\n\t\t<\/h1>\n\t\t\t\t\t\t\t\n\t\t\t<img class=\"e-image-base e-d257406-dd9f68d\" \n\t\t\t\t\tdata-interaction-id=\"d257406\" \n\t\t \n\t\t data-e-type=\"widget\" data-id=\"d257406\"\n\t\t\t\t\t\t\t\t\tid=\"799\"\n\t\t\t\t\t\t\t\t\t\t\t\tsrc=\"https:\/\/pflegenavi.at\/wp-content\/uploads\/2026\/04\/65c88fa115a8106a1dbb258a_shape-top-left-v2-startkit-x-webflow-template-1-1.svg\"\n\t\t\t\t\t\t\t\t\t\t\t\twidth=\"168\"\n\t\t\t\t\t\t\t\t\t\t\t\theight=\"167\"\n\t\t\t\t\t\t\t\t\t\t\t\tsrcset=\"\"\n\t\t\t\t\t\t\t\t\t\t\t\talt=\"\"\n\t\t\t\t\t\t\/>\n\t\t\t\t\t\t\t\t\n\t\t\t<img class=\"e-image-base e-600536a-382112e\" \n\t\t\t\t\tdata-interaction-id=\"600536a\" \n\t\t \n\t\t data-e-type=\"widget\" data-id=\"600536a\"\n\t\t\t\t\t\t\t\t\tid=\"800\"\n\t\t\t\t\t\t\t\t\t\t\t\tsrc=\"https:\/\/pflegenavi.at\/wp-content\/uploads\/2026\/04\/65c88fa115a8106a1dbb2589_shape-bottom-right-v1-startkit-x-webflow-template-1.svg\"\n\t\t\t\t\t\t\t\t\t\t\t\twidth=\"168\"\n\t\t\t\t\t\t\t\t\t\t\t\theight=\"167\"\n\t\t\t\t\t\t\t\t\t\t\t\tsrcset=\"\"\n\t\t\t\t\t\t\t\t\t\t\t\talt=\"\"\n\t\t\t\t\t\t\/>\n\t\t\t\t\t<\/div>\n\t\t\t\t\t<\/div>\n\t\t\t\t<\/div>\n\t\t<div class=\"elementor-element elementor-element-bbb776b e-flex e-con-boxed e-con e-parent\" data-id=\"bbb776b\" data-element_type=\"container\" data-e-type=\"container\">\n\t\t\t\t\t<div class=\"e-con-inner\">\n\t\t\t\t<div class=\"elementor-element elementor-element-faa722b elementor-widget elementor-widget-heading\" data-id=\"faa722b\" data-element_type=\"widget\" data-e-type=\"widget\" data-widget_type=\"heading.default\">\n\t\t\t\t\t<h3 class=\"elementor-heading-title elementor-size-default\">Legal notice\n<\/h3>\t\t\t\t<\/div>\n\t\t\t\t\t\t\t\t<p class=\"heading-18-30-400 e-272054c-635b3a2 e-paragraph-base\" data-interaction-id=\"272054c\"  data-e-type=\"widget\" data-id=\"272054c\">\n\t\t\t\t\t\t\t\tOffenlegungspflicht gem\u00e4\u00df \u00a7 25 Mediengesetz (MedienG) und Informationspflicht gem\u00e4\u00df \u00a7 5 E-Commerce Gesetz (ECG) und \u00a7 14 Unternehmensgesetzbuch (UGB):\n\t\t\t\t\t<\/p>\n\t\t\t\t<div class=\"elementor-element elementor-element-30daaf5 elementor-widget elementor-widget-spacer\" data-id=\"30daaf5\" data-element_type=\"widget\" data-e-type=\"widget\" data-widget_type=\"spacer.default\">\n\t\t\t\t\t\t\t<div class=\"elementor-spacer\">\n\t\t\t<div class=\"elementor-spacer-inner\"><\/div>\n\t\t<\/div>\n\t\t\t\t\t\t<\/div>\n\t\t\t\t<div class=\"elementor-element elementor-element-cd182b1 elementor-widget elementor-widget-heading\" data-id=\"cd182b1\" data-element_type=\"widget\" data-e-type=\"widget\" data-widget_type=\"heading.default\">\n\t\t\t\t\t<h3 class=\"elementor-heading-title elementor-size-default\">Pflegenavi GmbH<\/h3>\t\t\t\t<\/div>\n\t\t\t\t<div class=\"elementor-element elementor-element-2fba866 elementor-widget elementor-widget-text-editor\" data-id=\"2fba866\" data-element_type=\"widget\" data-e-type=\"widget\" data-widget_type=\"text-editor.default\">\n\t\t\t\t\t\t\t\t\tHauptstra\u00dfe 26 <br>\nA-7000 Eisenstadt <br>\nE-Mail: office@pflegenavi.at\t\t\t\t\t\t\t\t<\/div>\n\t\t\t\t<div class=\"elementor-element elementor-element-faf2416 elementor-widget elementor-widget-spacer\" data-id=\"faf2416\" data-element_type=\"widget\" data-e-type=\"widget\" data-widget_type=\"spacer.default\">\n\t\t\t\t\t\t\t<div class=\"elementor-spacer\">\n\t\t\t<div class=\"elementor-spacer-inner\"><\/div>\n\t\t<\/div>\n\t\t\t\t\t\t<\/div>\n\t\t\t\t<div class=\"elementor-element elementor-element-320c6a4 elementor-widget elementor-widget-heading\" data-id=\"320c6a4\" data-element_type=\"widget\" data-e-type=\"widget\" data-widget_type=\"heading.default\">\n\t\t\t\t\t<h3 class=\"elementor-heading-title elementor-size-default\">Unternehmensgegenstand\n<\/h3>\t\t\t\t<\/div>\n\t\t\t\t<div class=\"elementor-element elementor-element-3bdc0f8 elementor-widget elementor-widget-text-editor\" data-id=\"3bdc0f8\" data-element_type=\"widget\" data-e-type=\"widget\" data-widget_type=\"text-editor.default\">\n\t\t\t\t\t\t\t\t\tErbringung von Dienstleistungen im Bereich Digitalisierung, insbesondere im Hinblick auf den Pflegesektor <br>\nRechtsform: Gesellschaft mit beschr\u00e4nkter Haftung (GmbH) <br>\nSitz: Hauptstra\u00dfe 26, A-7000 Eisenstadt <br>\nFirmenbuchnummer: FN 542257m\nUID: ATU76331809\t\t\t\t\t\t\t\t<\/div>\n\t\t\t\t<div class=\"elementor-element elementor-element-6989bca elementor-widget elementor-widget-spacer\" data-id=\"6989bca\" data-element_type=\"widget\" data-e-type=\"widget\" data-widget_type=\"spacer.default\">\n\t\t\t\t\t\t\t<div class=\"elementor-spacer\">\n\t\t\t<div class=\"elementor-spacer-inner\"><\/div>\n\t\t<\/div>\n\t\t\t\t\t\t<\/div>\n\t\t\t\t<div class=\"elementor-element elementor-element-dd807ae elementor-widget elementor-widget-heading\" data-id=\"dd807ae\" data-element_type=\"widget\" data-e-type=\"widget\" data-widget_type=\"heading.default\">\n\t\t\t\t\t<h3 class=\"elementor-heading-title elementor-size-default\">Gesellschafter<\/h3>\t\t\t\t<\/div>\n\t\t\t\t<div class=\"elementor-element elementor-element-f5fa875 elementor-widget elementor-widget-text-editor\" data-id=\"f5fa875\" data-element_type=\"widget\" data-e-type=\"widget\" data-widget_type=\"text-editor.default\">\n\t\t\t\t\t\t\t\t\tPatrick Reinfeld, BSc (WU), MiM (HEC) <br>\nMag. Markus Reinfeld, LL.M., LL.M. <br>\nDr. Rainer Schuster <br>\nWirtschaftsagentur Burgenland Beteiligungs- und Finanzierungs GmbH\t\t\t\t\t\t\t\t<\/div>\n\t\t\t\t<div class=\"elementor-element elementor-element-d347cf2 elementor-widget elementor-widget-spacer\" data-id=\"d347cf2\" data-element_type=\"widget\" data-e-type=\"widget\" data-widget_type=\"spacer.default\">\n\t\t\t\t\t\t\t<div class=\"elementor-spacer\">\n\t\t\t<div class=\"elementor-spacer-inner\"><\/div>\n\t\t<\/div>\n\t\t\t\t\t\t<\/div>\n\t\t\t\t<div class=\"elementor-element elementor-element-1a7dd05 elementor-widget elementor-widget-heading\" data-id=\"1a7dd05\" data-element_type=\"widget\" data-e-type=\"widget\" data-widget_type=\"heading.default\">\n\t\t\t\t\t<h3 class=\"elementor-heading-title elementor-size-default\">Zust\u00e4ndiges Gericht<\/h3>\t\t\t\t<\/div>\n\t\t\t\t<div class=\"elementor-element elementor-element-30e1e52 elementor-widget elementor-widget-text-editor\" data-id=\"30e1e52\" data-element_type=\"widget\" data-e-type=\"widget\" data-widget_type=\"text-editor.default\">\n\t\t\t\t\t\t\t\t\tLandesgericht Eisenstadt\t\t\t\t\t\t\t\t<\/div>\n\t\t\t\t<div class=\"elementor-element elementor-element-f89d0ec elementor-widget elementor-widget-spacer\" data-id=\"f89d0ec\" data-element_type=\"widget\" data-e-type=\"widget\" data-widget_type=\"spacer.default\">\n\t\t\t\t\t\t\t<div class=\"elementor-spacer\">\n\t\t\t<div class=\"elementor-spacer-inner\"><\/div>\n\t\t<\/div>\n\t\t\t\t\t\t<\/div>\n\t\t\t\t<div class=\"elementor-element elementor-element-e653dba elementor-widget elementor-widget-heading\" data-id=\"e653dba\" data-element_type=\"widget\" data-e-type=\"widget\" data-widget_type=\"heading.default\">\n\t\t\t\t\t<h3 class=\"elementor-heading-title elementor-size-default\">Gewerbeaufsichtsbeh\u00f6rde<\/h3>\t\t\t\t<\/div>\n\t\t\t\t<div class=\"elementor-element elementor-element-9170f37 elementor-widget elementor-widget-text-editor\" data-id=\"9170f37\" data-element_type=\"widget\" data-e-type=\"widget\" data-widget_type=\"text-editor.default\">\n\t\t\t\t\t\t\t\t\tMagistrat der Stadt Eisenstadt\t\t\t\t\t\t\t\t<\/div>\n\t\t\t\t<div class=\"elementor-element elementor-element-7fd6fa9 elementor-widget elementor-widget-spacer\" data-id=\"7fd6fa9\" data-element_type=\"widget\" data-e-type=\"widget\" data-widget_type=\"spacer.default\">\n\t\t\t\t\t\t\t<div class=\"elementor-spacer\">\n\t\t\t<div class=\"elementor-spacer-inner\"><\/div>\n\t\t<\/div>\n\t\t\t\t\t\t<\/div>\n\t\t\t\t<div class=\"elementor-element elementor-element-83ecb5e elementor-widget elementor-widget-text-editor\" data-id=\"83ecb5e\" data-element_type=\"widget\" data-e-type=\"widget\" data-widget_type=\"text-editor.default\">\n\t\t\t\t\t\t\t\t\tMitglied der WK\u00d6, WK Burgenland, Fachgruppe Unternehmensberatung, Buchhaltung und <br> Informationstechnologie Burgenland\t\t\t\t\t\t\t\t<\/div>\n\t\t\t\t<div class=\"elementor-element elementor-element-31ef9ed elementor-widget elementor-widget-spacer\" data-id=\"31ef9ed\" data-element_type=\"widget\" data-e-type=\"widget\" data-widget_type=\"spacer.default\">\n\t\t\t\t\t\t\t<div class=\"elementor-spacer\">\n\t\t\t<div class=\"elementor-spacer-inner\"><\/div>\n\t\t<\/div>\n\t\t\t\t\t\t<\/div>\n\t\t\t\t<div class=\"elementor-element elementor-element-393aac7 elementor-widget elementor-widget-heading\" data-id=\"393aac7\" data-element_type=\"widget\" data-e-type=\"widget\" data-widget_type=\"heading.default\">\n\t\t\t\t\t<h3 class=\"elementor-heading-title elementor-size-default\">F\u00fcr den Inhalt verantwortlich<\/h3>\t\t\t\t<\/div>\n\t\t\t\t<div class=\"elementor-element elementor-element-8d723e5 elementor-widget elementor-widget-text-editor\" data-id=\"8d723e5\" data-element_type=\"widget\" data-e-type=\"widget\" data-widget_type=\"text-editor.default\">\n\t\t\t\t\t\t\t\t\tPatrick Reinfeld\t\t\t\t\t\t\t\t<\/div>\n\t\t\t\t<div class=\"elementor-element elementor-element-e38e3c2 elementor-widget elementor-widget-spacer\" data-id=\"e38e3c2\" data-element_type=\"widget\" data-e-type=\"widget\" data-widget_type=\"spacer.default\">\n\t\t\t\t\t\t\t<div class=\"elementor-spacer\">\n\t\t\t<div class=\"elementor-spacer-inner\"><\/div>\n\t\t<\/div>\n\t\t\t\t\t\t<\/div>\n\t\t\t\t<div class=\"elementor-element elementor-element-1933dc9 elementor-widget elementor-widget-heading\" data-id=\"1933dc9\" data-element_type=\"widget\" data-e-type=\"widget\" data-widget_type=\"heading.default\">\n\t\t\t\t\t<h3 class=\"elementor-heading-title elementor-size-default\">Grundlegende Richtung des Mediums<\/h3>\t\t\t\t<\/div>\n\t\t\t\t<div class=\"elementor-element elementor-element-1753421 elementor-widget__width-initial elementor-widget elementor-widget-text-editor\" data-id=\"1753421\" data-element_type=\"widget\" data-e-type=\"widget\" data-widget_type=\"text-editor.default\">\n\t\t\t\t\t\t\t\t\tInformation der Nutzer:innen der Website \u00fcber das Unternehmen Pflegenavi GmbH und deren T\u00e4tigkeit sowie Informationen zu den angebotenen Dienstleistungen. Zudem gelangen Nutzer:innen \u00fcber die Website zu Webapplikationen der Pflegenavi GmbH. \n\n\t\t\t\t\t\t\t\t<\/div>\n\t\t\t\t<div class=\"elementor-element elementor-element-166ddff elementor-widget elementor-widget-spacer\" data-id=\"166ddff\" data-element_type=\"widget\" data-e-type=\"widget\" data-widget_type=\"spacer.default\">\n\t\t\t\t\t\t\t<div class=\"elementor-spacer\">\n\t\t\t<div class=\"elementor-spacer-inner\"><\/div>\n\t\t<\/div>\n\t\t\t\t\t\t<\/div>\n\t\t\t\t<div class=\"elementor-element elementor-element-d5a6ecd elementor-widget elementor-widget-heading\" data-id=\"d5a6ecd\" data-element_type=\"widget\" data-e-type=\"widget\" data-widget_type=\"heading.default\">\n\t\t\t\t\t<h3 class=\"elementor-heading-title elementor-size-default\">Haftungsausschluss<\/h3>\t\t\t\t<\/div>\n\t\t\t\t<div class=\"elementor-element elementor-element-0ecaab3 elementor-widget__width-initial elementor-widget elementor-widget-text-editor\" data-id=\"0ecaab3\" data-element_type=\"widget\" data-e-type=\"widget\" data-widget_type=\"text-editor.default\">\n\t\t\t\t\t\t\t\t\tDie Website der Pflegenavi GmbH bzw. deren Inhalte sind sorgf\u00e4ltig ausgearbeitet worden. Es wird keine Haftung f\u00fcr die Richtigkeit, Aktualit\u00e4t und Fehlerfreiheit der enthaltenen Informationen \u00fcbernommen. Zudem \u00fcbernimmt die Pflegenavi GmbH keine Haftung f\u00fcr allf\u00e4llige Links zu externen Websites, die von Dritten betrieben werden.\t\t\t\t\t\t\t\t<\/div>\n\t\t\t\t<div class=\"elementor-element elementor-element-f4a7588 elementor-widget elementor-widget-spacer\" data-id=\"f4a7588\" data-element_type=\"widget\" data-e-type=\"widget\" data-widget_type=\"spacer.default\">\n\t\t\t\t\t\t\t<div class=\"elementor-spacer\">\n\t\t\t<div class=\"elementor-spacer-inner\"><\/div>\n\t\t<\/div>\n\t\t\t\t\t\t<\/div>\n\t\t\t\t<div class=\"elementor-element elementor-element-8ef4045 elementor-widget elementor-widget-heading\" data-id=\"8ef4045\" data-element_type=\"widget\" data-e-type=\"widget\" data-widget_type=\"heading.default\">\n\t\t\t\t\t<h3 class=\"elementor-heading-title elementor-size-default\">Urheberrecht\n<\/h3>\t\t\t\t<\/div>\n\t\t\t\t<div class=\"elementor-element elementor-element-8b4ea28 elementor-widget__width-initial elementor-widget elementor-widget-text-editor\" data-id=\"8b4ea28\" data-element_type=\"widget\" data-e-type=\"widget\" data-widget_type=\"text-editor.default\">\n\t\t\t\t\t\t\t\t\tAlle Inhalte und Werke auf der Website unterliegen dem Urheberrecht. Jede Art der Verbreitung bedarf der vorherigen schriftlichen Zustimmung der Pflegenavi GmbH (soweit nicht anders angegeben sowie im Rahmen der G\u00fcltigkeit des Urheberrechts).\n\n\t\t\t\t\t\t\t\t<\/div>\n\t\t\t\t\t<\/div>\n\t\t\t\t<\/div>\n\t\t\t\t<\/div>","protected":false},"excerpt":{"rendered":"<p>Impressum Impressum Offenlegungspflicht gem\u00e4\u00df \u00a7 25 Mediengesetz (MedienG) und Informationspflicht gem\u00e4\u00df \u00a7 5 E-Commerce Gesetz (ECG) und \u00a7 14 Unternehmensgesetzbuch (UGB): Pflegenavi GmbH Hauptstra\u00dfe 26 A-7000 Eisenstadt E-Mail: office@pflegenavi.at Unternehmensgegenstand Erbringung von Dienstleistungen im Bereich Digitalisierung, insbesondere im Hinblick auf den Pflegesektor Rechtsform: Gesellschaft mit beschr\u00e4nkter Haftung (GmbH) Sitz: Hauptstra\u00dfe 26, A-7000 Eisenstadt Firmenbuchnummer: FN [&hellip;]<\/p>\n","protected":false},"author":1,"featured_media":0,"parent":0,"menu_order":0,"comment_status":"closed","ping_status":"closed","template":"elementor_header_footer","meta":{"footnotes":""},"class_list":["post-678","page","type-page","status-publish","hentry"],"_links":{"self":[{"href":"https:\/\/pflegenavi.at\/en\/wp-json\/wp\/v2\/pages\/678","targetHints":{"allow":["GET"]}}],"collection":[{"href":"https:\/\/pflegenavi.at\/en\/wp-json\/wp\/v2\/pages"}],"about":[{"href":"https:\/\/pflegenavi.at\/en\/wp-json\/wp\/v2\/types\/page"}],"author":[{"embeddable":true,"href":"https:\/\/pflegenavi.at\/en\/wp-json\/wp\/v2\/users\/1"}],"replies":[{"embeddable":true,"href":"https:\/\/pflegenavi.at\/en\/wp-json\/wp\/v2\/comments?post=678"}],"version-history":[{"count":34,"href":"https:\/\/pflegenavi.at\/en\/wp-json\/wp\/v2\/pages\/678\/revisions"}],"predecessor-version":[{"id":1790,"href":"https:\/\/pflegenavi.at\/en\/wp-json\/wp\/v2\/pages\/678\/revisions\/1790"}],"wp:attachment":[{"href":"https:\/\/pflegenavi.at\/en\/wp-json\/wp\/v2\/media?parent=678"}],"curies":[{"name":"wp","href":"https:\/\/api.w.org\/{rel}","templated":true}]}}